{"id":223,"date":"2020-03-22T15:58:00","date_gmt":"2020-03-22T15:58:00","guid":{"rendered":"http:\/\/haarforum-bavendorf.de\/?page_id=223"},"modified":"2020-03-25T09:45:39","modified_gmt":"2020-03-25T09:45:39","slug":"impressum","status":"publish","type":"page","link":"https:\/\/haarforum-petretti.de\/?page_id=223","title":{"rendered":"Impressum"},"content":{"rendered":"\n\t<div id=\"gap-1077527756\" class=\"gap-element clearfix\" style=\"display:block; height:auto;\">\n\t\t\n<style>\n#gap-1077527756 {\n  padding-top: 50px;\n}\n<\/style>\n\t<\/div>\n\t\n\n<div class=\"container section-title-container\" ><h3 class=\"section-title section-title-center\"><b><\/b><span class=\"section-title-main\" >Impressum<\/span><b><\/b><\/h3><\/div>\n\n<div class=\"row\"  id=\"row-22874854\">\n\n\n\t<div id=\"col-793191913\" class=\"col small-12 large-12\"  >\n\t\t<div class=\"col-inner\"  >\n\t\t\t\n\t\t\t\n\n<p><strong>Haar-Forum<\/strong><\/p>\n<p data-padding=\"5px\">Oberzeller Stra\u00dfe 19<br \/>88213 Ravensburg\/Bavendorf<br \/>Deutschland<\/p>\n<p>Telefon: 0751\/7914624<br \/>E-Mail: petretti-sciarappa@online.de<\/p>\n<p>Gesch\u00e4ftsf\u00fchrer: Claudia Petretti-Sciarappa, Marcus Petretti<\/p>\n<p>Handelsregister: in Gr\u00fcndung<\/p>\n<p>Die Europ\u00e4ische Kommission stellt eine Plattform zur Online-Streitbeilegung (OS)<br \/>bereit, die Sie hier finden\u00a0<a href=\"https:\/\/ec.europa.eu\/consumers\/odr\/\" target=\"_blank\" rel=\"noopener noreferrer\">https:\/\/ec.europa.eu\/consumers\/odr\/<\/a>.<br \/>Zur Teilnahme an einem Streitbeilegungsverfahren vor einer<br \/>Verbraucherschlichtungsstelle sind wir nicht verpflichtet und nicht bereit.<\/p>\n<div class=\"woocommerce woocommerce-gzd woocommerce-gzd-complaints-shortcode\">\n<h3>Alternative Streitbeilegung gem\u00e4\u00df Art. 14 Abs. 1 ODR-VO und \u00a7 36 VSBG:<\/h3>\n<p>Die Europ\u00e4ische Kommission stellt eine Plattform zur Online-Streitbeilegung (OS) bereit, die du unter\u00a0<a href=\"https:\/\/ec.europa.eu\/consumers\/odr\" target=\"_blank\" rel=\"noopener noreferrer\">https:\/\/ec.europa.eu\/consumers\/odr<\/a>\u00a0findest. Zur Teilnahme an einem Streitbeilegungsverfahren vor einer Verbraucherschlichtungsstelle sind wir nicht verpflichtet und nicht bereit.<\/p>\n<\/div>\n\n\t\t<\/div>\n\t\t\t<\/div>\n\n\t\n\n<\/div>\n\n","protected":false},"excerpt":{"rendered":"","protected":false},"author":1,"featured_media":0,"parent":0,"menu_order":0,"comment_status":"closed","ping_status":"closed","template":"page-blank.php","meta":{"footnotes":""},"class_list":["post-223","page","type-page","status-publish","hentry"],"yoast_head":"<!-- This site is optimized with the Yoast SEO plugin v25.7 - https:\/\/yoast.com\/wordpress\/plugins\/seo\/ -->\n<title>Impressum - haarforumbavendorf<\/title>\n<meta name=\"description\" content=\"[gap height=&quot;50px&quot;] [title style=&quot;center&quot; text=&quot;Impressum&quot;] [row] [col span__sm=&quot;12&quot;] Haar-Forum Oberzeller Stra\u00dfe 1988213 Ravensburg\/BavendorfDeutschland Telefon: 0751\/7914624E-Mail: petretti-sciarappa@online.de Gesch\u00e4ftsf\u00fchrer: Claudia Petretti-Sciarappa, Marcus Petretti Handelsregister: in Gr\u00fcndung Die Europ\u00e4ische Kommission stellt eine Plattform&hellip;\" \/>\n<meta name=\"robots\" content=\"index, follow, max-snippet:-1, max-image-preview:large, max-video-preview:-1\" \/>\n<link rel=\"canonical\" href=\"https:\/\/haarforum-petretti.de\/?page_id=223\" \/>\n<meta property=\"og:locale\" content=\"de_DE\" \/>\n<meta property=\"og:type\" content=\"article\" \/>\n<meta property=\"og:title\" content=\"Impressum - haarforumbavendorf\" \/>\n<meta property=\"og:url\" content=\"https:\/\/haarforum-petretti.de\/?page_id=223\" \/>\n<meta property=\"og:site_name\" content=\"haarforumbavendorf\" \/>\n<meta property=\"article:modified_time\" content=\"2020-03-25T09:45:39+00:00\" \/>\n<meta name=\"twitter:card\" content=\"summary_large_image\" \/>\n<meta name=\"twitter:label1\" content=\"Gesch\u00e4tzte Lesezeit\" \/>\n\t<meta name=\"twitter:data1\" content=\"1\u00a0Minute\" \/>\n<script type=\"application\/ld+json\" class=\"yoast-schema-graph\">{\"@context\":\"https:\/\/schema.org\",\"@graph\":[{\"@type\":\"WebPage\",\"@id\":\"https:\/\/haarforum-petretti.de\/?page_id=223\",\"url\":\"https:\/\/haarforum-petretti.de\/?page_id=223\",\"name\":\"Impressum - haarforumbavendorf\",\"isPartOf\":{\"@id\":\"https:\/\/haarforum-petretti.de\/#website\"},\"datePublished\":\"2020-03-22T15:58:00+00:00\",\"dateModified\":\"2020-03-25T09:45:39+00:00\",\"breadcrumb\":{\"@id\":\"https:\/\/haarforum-petretti.de\/?page_id=223#breadcrumb\"},\"inLanguage\":\"de\",\"potentialAction\":[{\"@type\":\"ReadAction\",\"target\":[\"https:\/\/haarforum-petretti.de\/?page_id=223\"]}]},{\"@type\":\"BreadcrumbList\",\"@id\":\"https:\/\/haarforum-petretti.de\/?page_id=223#breadcrumb\",\"itemListElement\":[{\"@type\":\"ListItem\",\"position\":1,\"name\":\"Home\",\"item\":\"https:\/\/haarforum-petretti.de\/\"},{\"@type\":\"ListItem\",\"position\":2,\"name\":\"Impressum\"}]},{\"@type\":\"WebSite\",\"@id\":\"https:\/\/haarforum-petretti.de\/#website\",\"url\":\"https:\/\/haarforum-petretti.de\/\",\"name\":\"haarforumbavendorf\",\"description\":\"Just another WordPress site\",\"potentialAction\":[{\"@type\":\"SearchAction\",\"target\":{\"@type\":\"EntryPoint\",\"urlTemplate\":\"https:\/\/haarforum-petretti.de\/?s={search_term_string}\"},\"query-input\":{\"@type\":\"PropertyValueSpecification\",\"valueRequired\":true,\"valueName\":\"search_term_string\"}}],\"inLanguage\":\"de\"}]}<\/script>\n<!-- \/ Yoast SEO plugin. -->","yoast_head_json":{"title":"Impressum - haarforumbavendorf","description":"[gap height=\"50px\"] [title style=\"center\" text=\"Impressum\"] [row] [col span__sm=\"12\"] Haar-Forum Oberzeller Stra\u00dfe 1988213 Ravensburg\/BavendorfDeutschland Telefon: 0751\/7914624E-Mail: petretti-sciarappa@online.de Gesch\u00e4ftsf\u00fchrer: Claudia Petretti-Sciarappa, Marcus Petretti Handelsregister: in Gr\u00fcndung Die Europ\u00e4ische Kommission stellt eine Plattform&hellip;","robots":{"index":"index","follow":"follow","max-snippet":"max-snippet:-1","max-image-preview":"max-image-preview:large","max-video-preview":"max-video-preview:-1"},"canonical":"https:\/\/haarforum-petretti.de\/?page_id=223","og_locale":"de_DE","og_type":"article","og_title":"Impressum - haarforumbavendorf","og_url":"https:\/\/haarforum-petretti.de\/?page_id=223","og_site_name":"haarforumbavendorf","article_modified_time":"2020-03-25T09:45:39+00:00","twitter_card":"summary_large_image","twitter_misc":{"Gesch\u00e4tzte Lesezeit":"1\u00a0Minute"},"schema":{"@context":"https:\/\/schema.org","@graph":[{"@type":"WebPage","@id":"https:\/\/haarforum-petretti.de\/?page_id=223","url":"https:\/\/haarforum-petretti.de\/?page_id=223","name":"Impressum - haarforumbavendorf","isPartOf":{"@id":"https:\/\/haarforum-petretti.de\/#website"},"datePublished":"2020-03-22T15:58:00+00:00","dateModified":"2020-03-25T09:45:39+00:00","breadcrumb":{"@id":"https:\/\/haarforum-petretti.de\/?page_id=223#breadcrumb"},"inLanguage":"de","potentialAction":[{"@type":"ReadAction","target":["https:\/\/haarforum-petretti.de\/?page_id=223"]}]},{"@type":"BreadcrumbList","@id":"https:\/\/haarforum-petretti.de\/?page_id=223#breadcrumb","itemListElement":[{"@type":"ListItem","position":1,"name":"Home","item":"https:\/\/haarforum-petretti.de\/"},{"@type":"ListItem","position":2,"name":"Impressum"}]},{"@type":"WebSite","@id":"https:\/\/haarforum-petretti.de\/#website","url":"https:\/\/haarforum-petretti.de\/","name":"haarforumbavendorf","description":"Just another WordPress site","potentialAction":[{"@type":"SearchAction","target":{"@type":"EntryPoint","urlTemplate":"https:\/\/haarforum-petretti.de\/?s={search_term_string}"},"query-input":{"@type":"PropertyValueSpecification","valueRequired":true,"valueName":"search_term_string"}}],"inLanguage":"de"}]}},"_links":{"self":[{"href":"https:\/\/haarforum-petretti.de\/index.php?rest_route=\/wp\/v2\/pages\/223","targetHints":{"allow":["GET"]}}],"collection":[{"href":"https:\/\/haarforum-petretti.de\/index.php?rest_route=\/wp\/v2\/pages"}],"about":[{"href":"https:\/\/haarforum-petretti.de\/index.php?rest_route=\/wp\/v2\/types\/page"}],"author":[{"embeddable":true,"href":"https:\/\/haarforum-petretti.de\/index.php?rest_route=\/wp\/v2\/users\/1"}],"replies":[{"embeddable":true,"href":"https:\/\/haarforum-petretti.de\/index.php?rest_route=%2Fwp%2Fv2%2Fcomments&post=223"}],"version-history":[{"count":5,"href":"https:\/\/haarforum-petretti.de\/index.php?rest_route=\/wp\/v2\/pages\/223\/revisions"}],"predecessor-version":[{"id":235,"href":"https:\/\/haarforum-petretti.de\/index.php?rest_route=\/wp\/v2\/pages\/223\/revisions\/235"}],"wp:attachment":[{"href":"https:\/\/haarforum-petretti.de\/index.php?rest_route=%2Fwp%2Fv2%2Fmedia&parent=223"}],"curies":[{"name":"wp","href":"https:\/\/api.w.org\/{rel}","templated":true}]}}