{"id":15,"date":"2019-11-17T15:42:19","date_gmt":"2019-11-17T15:42:19","guid":{"rendered":"http:\/\/haarforum-bavendorf.de\/?page_id=15"},"modified":"2024-01-09T10:17:54","modified_gmt":"2024-01-09T10:17:54","slug":"startseite","status":"publish","type":"page","link":"https:\/\/haarforum-petretti.de\/","title":{"rendered":"Startseite"},"content":{"rendered":"\n\t<section class=\"section\" id=\"section_1467516507\">\n\t\t<div class=\"bg section-bg fill bg-fill  \" >\n\n\t\t\t\n\t\t\t<div class=\"section-bg-overlay absolute fill\"><\/div>\n\t\t\t\n\n\t\t<\/div>\n\n\t\t<div class=\"section-content relative\">\n\t\t\t\n\n<h2 style=\"text-align: center;\"><span style=\"color: #ffffff; font-size: 130%;\">Wir freuen uns, Sie wieder wie gewohnt begr\u00fc\u00dfen zu d\u00fcrfen!<\/span><\/h2>\n\n\t\t<\/div>\n\n\t\t\n<style>\n#section_1467516507 {\n  padding-top: 250px;\n  padding-bottom: 250px;\n  background-color: #9b9b9b;\n}\n#section_1467516507 .section-bg-overlay {\n  background-color: rgba(0,0,0,.5);\n}\n#section_1467516507 .section-bg.bg-loaded {\n  background-image: url(https:\/\/haarforum-petretti.de\/wp-content\/uploads\/2019\/12\/Haar-Forum-Bavendorf-Friseur-9-scaled.jpg);\n}\n<\/style>\n\t<\/section>\n\t\n\t<section class=\"section\" id=\"section_536143553\">\n\t\t<div class=\"bg section-bg fill bg-fill  bg-loaded\" >\n\n\t\t\t\n\t\t\t\n\t\t\t\n\n\t\t<\/div>\n\n\t\t<div class=\"section-content relative\">\n\t\t\t\n\n<h5 class=\"uppercase\" style=\"text-align: center;\"><span style=\"font-size: 150%;\">Herzlich Willkommen im Haarforum im Herzen Bavendorfs<\/span><\/h5>\n<h2 class=\"thin-font\" style=\"text-align: center;\"><span style=\"font-size: 80%;\">Nehmen Sie sich eine Pause vom Alltag und lassen Sie sich in entspannter Atmosph\u00e4re von Kopf bis Fu\u00df verw\u00f6hnen.<\/span><br \/><span style=\"font-size: 80%;\">In unserem Team von kreativen Profis ist Ihr Kopf in besten H\u00e4nden. Damen, Herren, Kinder und Jugendliche, <\/span><\/h2>\n<h2 class=\"thin-font\" style=\"text-align: center;\"><span style=\"font-size: 80%;\">Kurzhaarfrisuren oder Langhaar-Styling, Brautfrisuren, Fu\u00dfpflege oder M\u00e4nnerabend\u2026<\/span><\/h2>\n<h3 class=\"thin-font\" style=\"text-align: center;\"><span style=\"font-size: 80%;\">ES GIBT VIELE DINGE, DIE WIR F\u00dcR IHRE SCH\u00d6NHEIT UND IHR WOHLEMPFINDEN TUN K\u00d6NNEN.<\/span><\/h3>\n<h3 class=\"thin-font\" style=\"text-align: center;\"><span style=\"font-size: 80%;\">WIR FREUEN UNS AUF SIE!<\/span><\/h3>\n\n\t\t<\/div>\n\n\t\t\n<style>\n#section_536143553 {\n  padding-top: 30px;\n  padding-bottom: 30px;\n}\n<\/style>\n\t<\/section>\n\t\n<div class=\"text-center\"><div class=\"is-divider divider clearfix\" style=\"max-width:70px;background-color:rgb(166, 5, 5);\"><\/div><\/div>\n\n\t<div id=\"gap-313277836\" class=\"gap-element clearfix\" style=\"display:block; height:auto;\">\n\t\t\n<style>\n#gap-313277836 {\n  padding-top: 50px;\n}\n<\/style>\n\t<\/div>\n\t\n\n<span class=\"scroll-to\" data-label=\"Scroll to: #15\" data-bullet=\"false\" data-link=\"#15\" data-title=\"Haar-Forum\"><a name=\"15\"><\/a><\/span>\n\n\t<section class=\"section\" id=\"section_1433074556\">\n\t\t<div class=\"bg section-bg fill bg-fill  bg-loaded\" >\n\n\t\t\t\n\t\t\t\n\t\t\t\n\n\t\t<\/div>\n\n\t\t<div class=\"section-content relative\">\n\t\t\t\n\n<div class=\"row\"  id=\"row-884581210\">\n\n\n\t<div id=\"col-1677813407\" class=\"col medium-6 small-12 large-6\"  >\n\t\t<div class=\"col-inner\"  >\n\t\t\t\n\t\t\t\n\n\t<div class=\"img has-hover x md-x lg-x y md-y lg-y\" id=\"image_856177604\">\n\t\t<a class=\"\" href=\"https:\/\/haarforum-petretti.de\/?page_id=125\"  >\t\t\t\t\t\t<div class=\"img-inner image-zoom-long box-shadow-5 dark\" >\n\t\t\t<img loading=\"lazy\" decoding=\"async\" width=\"1020\" height=\"680\" src=\"https:\/\/haarforum-petretti.de\/wp-content\/uploads\/2019\/12\/Haar-Forum-Bavendorf-Friseur-9-1024x683.jpg\" class=\"attachment-large size-large\" alt=\"\" srcset=\"https:\/\/haarforum-petretti.de\/wp-content\/uploads\/2019\/12\/Haar-Forum-Bavendorf-Friseur-9-1024x683.jpg 1024w, https:\/\/haarforum-petretti.de\/wp-content\/uploads\/2019\/12\/Haar-Forum-Bavendorf-Friseur-9-300x200.jpg 300w, https:\/\/haarforum-petretti.de\/wp-content\/uploads\/2019\/12\/Haar-Forum-Bavendorf-Friseur-9-768x512.jpg 768w, https:\/\/haarforum-petretti.de\/wp-content\/uploads\/2019\/12\/Haar-Forum-Bavendorf-Friseur-9-1536x1024.jpg 1536w, https:\/\/haarforum-petretti.de\/wp-content\/uploads\/2019\/12\/Haar-Forum-Bavendorf-Friseur-9-2048x1365.jpg 2048w, https:\/\/haarforum-petretti.de\/wp-content\/uploads\/2019\/12\/Haar-Forum-Bavendorf-Friseur-9-500x333.jpg 500w, https:\/\/haarforum-petretti.de\/wp-content\/uploads\/2019\/12\/Haar-Forum-Bavendorf-Friseur-9-700x467.jpg 700w\" sizes=\"auto, (max-width: 1020px) 100vw, 1020px\" \/>\t\t\t\t\t\t\n\t\t\t\t\t<\/div>\n\t\t\t\t\t\t<\/a>\t\t\n<style>\n#image_856177604 {\n  width: 100%;\n}\n<\/style>\n\t<\/div>\n\t\n\n\n\t\t<\/div>\n\t\t\t<\/div>\n\n\t\n\n\t<div id=\"col-1710521230\" class=\"col medium-6 small-12 large-6\"  >\n\t\t<div class=\"col-inner\"  >\n\t\t\t\n\t\t\t\n\n<h3><span style=\"font-size: 120%;\">Haar-Forum<\/span><\/h3>\n<p><span style=\"font-size: 120%;\">Bei uns buchen Sie Ihre wohlverdiente Auszeit vom Alltag. Wir sind n\u00e4mlich der Meinung: Haareschneiden ist mehr als nur eine Dienstleistung! Wir gestalten das Image von Menschen. Wir bilden uns st\u00e4ndig weiter und sind auf nationalen sowie auf internationalen Schulung unterwegs. Alles f\u00fcr Ihre Haarpracht!<\/span><\/p>\n\n\t\t<\/div>\n\t\t\t<\/div>\n\n\t\n\n<\/div>\n<div id=\"portfolio-324169388\" class=\"portfolio-element-wrapper has-filtering\">\n  \n    <div class=\"row large-columns-5 medium-columns-3 small-columns-2 row-small slider row-slider slider-nav-reveal\"  data-flickity-options='{\"imagesLoaded\": true, \"groupCells\": \"100%\", \"dragThreshold\" : 5, \"cellAlign\": \"left\",\"wrapAround\": true,\"prevNextButtons\": true,\"percentPosition\": true,\"pageDots\": false, \"rightToLeft\": false, \"autoPlay\" : false}'>\n\n    <\/div><\/div>\n\n<div id=\"portfolio-1495413452\" class=\"portfolio-element-wrapper has-filtering\">\n  \n    <div class=\"row large-columns-4 medium-columns-3 small-columns-2 row-small slider row-slider slider-nav-reveal slider-nav-push\"  data-flickity-options='{\"imagesLoaded\": true, \"groupCells\": \"100%\", \"dragThreshold\" : 5, \"cellAlign\": \"left\",\"wrapAround\": true,\"prevNextButtons\": true,\"percentPosition\": true,\"pageDots\": false, \"rightToLeft\": false, \"autoPlay\" : false}'>\n\n    <\/div><\/div>\n\n\n\t\t<\/div>\n\n\t\t\n<style>\n#section_1433074556 {\n  padding-top: 30px;\n  padding-bottom: 30px;\n}\n<\/style>\n\t<\/section>\n\t\n<div class=\"text-center\"><div class=\"is-divider divider clearfix\" style=\"max-width:70px;background-color:rgb(166, 5, 5);\"><\/div><\/div>\n\n\t<div id=\"gap-67328522\" class=\"gap-element clearfix\" style=\"display:block; height:auto;\">\n\t\t\n<style>\n#gap-67328522 {\n  padding-top: 30px;\n}\n<\/style>\n\t<\/div>\n\t\n\n\t<div id=\"gap-1409401034\" class=\"gap-element clearfix\" style=\"display:block; height:auto;\">\n\t\t\n<style>\n#gap-1409401034 {\n  padding-top: 50px;\n}\n<\/style>\n\t<\/div>\n\t\n\n<span class=\"scroll-to\" data-label=\"Scroll to: #16\" data-bullet=\"false\" data-link=\"#16\" data-title=\"M\u00e4nner-Forum\"><a name=\"16\"><\/a><\/span>\n\n\t<section class=\"section\" id=\"section_222390391\">\n\t\t<div class=\"bg section-bg fill bg-fill  bg-loaded\" >\n\n\t\t\t\n\t\t\t\n\t\t\t\n\n\t\t<\/div>\n\n\t\t<div class=\"section-content relative\">\n\t\t\t\n\n<div class=\"row\"  id=\"row-13366539\">\n\n\n\t<div id=\"col-1128957501\" class=\"col medium-6 small-12 large-6\"  >\n\t\t<div class=\"col-inner\"  >\n\t\t\t\n\t\t\t\n\n<h3><span style=\"font-size: 120%;\" data-text-color=\"alert\">M\u00e4nner-Froum<\/span><\/h3>\n<p><span style=\"font-size: 120%;\" data-text-color=\"alert\">Jeden Donnerstag hei\u00dft es bei uns: &#8222;Gentlemen only&#8220;.<\/span><\/p>\n<p><span style=\"font-size: 120%;\" data-text-color=\"alert\">Ab 18 Uhr sind die Tore ge\u00f6ffnet. Gestylt wird, bis auch der letzte Kunde zufrieden ist. Genie\u00dfen Sie ein Cut &amp; Go in entspannter Atmosph\u00e4re und M\u00e4nnerrunde. Wir haben Ihr Interesse geweckt? Melden Sie sich bei uns f\u00fcr mehr Informationen.<\/span><\/p>\n<p>\u00a0<\/p>\n\n\t\t<\/div>\n\t\t\t<\/div>\n\n\t\n\n\t<div id=\"col-739639417\" class=\"col medium-6 small-12 large-6\"  >\n\t\t<div class=\"col-inner\"  >\n\t\t\t\n\t\t\t\n\n\t<div class=\"img has-hover x md-x lg-x y md-y lg-y\" id=\"image_100626547\">\n\t\t<a class=\"\" href=\"https:\/\/haarforum-petretti.de\/?page_id=131\"  >\t\t\t\t\t\t<div class=\"img-inner image-zoom-long box-shadow-5 dark\" >\n\t\t\t<img loading=\"lazy\" decoding=\"async\" width=\"300\" height=\"200\" src=\"https:\/\/haarforum-petretti.de\/wp-content\/uploads\/2019\/11\/Haar-Forum-Bavendorf-Friseur-8-300x200.jpg\" class=\"attachment-medium size-medium\" alt=\"\" srcset=\"https:\/\/haarforum-petretti.de\/wp-content\/uploads\/2019\/11\/Haar-Forum-Bavendorf-Friseur-8-300x200.jpg 300w, https:\/\/haarforum-petretti.de\/wp-content\/uploads\/2019\/11\/Haar-Forum-Bavendorf-Friseur-8-1024x683.jpg 1024w, https:\/\/haarforum-petretti.de\/wp-content\/uploads\/2019\/11\/Haar-Forum-Bavendorf-Friseur-8-768x512.jpg 768w, https:\/\/haarforum-petretti.de\/wp-content\/uploads\/2019\/11\/Haar-Forum-Bavendorf-Friseur-8-1536x1024.jpg 1536w, https:\/\/haarforum-petretti.de\/wp-content\/uploads\/2019\/11\/Haar-Forum-Bavendorf-Friseur-8-2048x1365.jpg 2048w, https:\/\/haarforum-petretti.de\/wp-content\/uploads\/2019\/11\/Haar-Forum-Bavendorf-Friseur-8-500x333.jpg 500w, https:\/\/haarforum-petretti.de\/wp-content\/uploads\/2019\/11\/Haar-Forum-Bavendorf-Friseur-8-700x467.jpg 700w\" sizes=\"auto, (max-width: 300px) 100vw, 300px\" \/>\t\t\t\t\t\t\n\t\t\t\t\t<\/div>\n\t\t\t\t\t\t<\/a>\t\t\n<style>\n#image_100626547 {\n  width: 100%;\n}\n<\/style>\n\t<\/div>\n\t\n\n\n\t\t<\/div>\n\t\t\t<\/div>\n\n\t\n\n<\/div>\n\n\t\t<\/div>\n\n\t\t\n<style>\n#section_222390391 {\n  padding-top: 30px;\n  padding-bottom: 30px;\n  background-color: rgb(0,0,0);\n}\n<\/style>\n\t<\/section>\n\t\n\t<div id=\"gap-1293672891\" class=\"gap-element clearfix\" style=\"display:block; height:auto;\">\n\t\t\n<style>\n#gap-1293672891 {\n  padding-top: 50px;\n}\n<\/style>\n\t<\/div>\n\t\n\n<div class=\"text-center\"><div class=\"is-divider divider clearfix\" style=\"max-width:70px;background-color:rgb(166, 5, 5);\"><\/div><\/div>\n\n\t<div id=\"gap-446557742\" class=\"gap-element clearfix\" style=\"display:block; height:auto;\">\n\t\t\n<style>\n#gap-446557742 {\n  padding-top: 50px;\n}\n<\/style>\n\t<\/div>\n\t\n\n<span class=\"scroll-to\" data-label=\"Scroll to: #17\" data-bullet=\"false\" data-link=\"#17\" data-title=\"Fu\u00df-Forum\"><a name=\"17\"><\/a><\/span>\n\n\t<section class=\"section\" id=\"section_836945882\">\n\t\t<div class=\"bg section-bg fill bg-fill  bg-loaded\" >\n\n\t\t\t\n\t\t\t\n\t\t\t\n\n\t\t<\/div>\n\n\t\t<div class=\"section-content relative\">\n\t\t\t\n\n<div class=\"row\"  id=\"row-1100325030\">\n\n\n\t<div id=\"col-1966142081\" class=\"col medium-6 small-12 large-6\"  >\n\t\t<div class=\"col-inner\"  >\n\t\t\t\n\t\t\t\n\n\t<div class=\"img has-hover x md-x lg-x y md-y lg-y\" id=\"image_57738741\">\n\t\t<a class=\"\" href=\"https:\/\/haarforum-petretti.de\/?page_id=137\"  >\t\t\t\t\t\t<div class=\"img-inner image-zoom-long dark\" >\n\t\t\t<img loading=\"lazy\" decoding=\"async\" width=\"1020\" height=\"680\" src=\"https:\/\/haarforum-petretti.de\/wp-content\/uploads\/2019\/12\/Haar-Forum-Bavendorf-Friseur-12-1024x683.jpg\" class=\"attachment-large size-large\" alt=\"\" srcset=\"https:\/\/haarforum-petretti.de\/wp-content\/uploads\/2019\/12\/Haar-Forum-Bavendorf-Friseur-12-1024x683.jpg 1024w, https:\/\/haarforum-petretti.de\/wp-content\/uploads\/2019\/12\/Haar-Forum-Bavendorf-Friseur-12-300x200.jpg 300w, https:\/\/haarforum-petretti.de\/wp-content\/uploads\/2019\/12\/Haar-Forum-Bavendorf-Friseur-12-768x512.jpg 768w, https:\/\/haarforum-petretti.de\/wp-content\/uploads\/2019\/12\/Haar-Forum-Bavendorf-Friseur-12-1536x1024.jpg 1536w, https:\/\/haarforum-petretti.de\/wp-content\/uploads\/2019\/12\/Haar-Forum-Bavendorf-Friseur-12-2048x1365.jpg 2048w, https:\/\/haarforum-petretti.de\/wp-content\/uploads\/2019\/12\/Haar-Forum-Bavendorf-Friseur-12-500x333.jpg 500w, https:\/\/haarforum-petretti.de\/wp-content\/uploads\/2019\/12\/Haar-Forum-Bavendorf-Friseur-12-700x467.jpg 700w\" sizes=\"auto, (max-width: 1020px) 100vw, 1020px\" \/>\t\t\t\t\t\t\n\t\t\t\t\t<\/div>\n\t\t\t\t\t\t<\/a>\t\t\n<style>\n#image_57738741 {\n  width: 100%;\n}\n<\/style>\n\t<\/div>\n\t\n\n\n\t\t<\/div>\n\t\t\t<\/div>\n\n\t\n\n\t<div id=\"col-689510236\" class=\"col medium-6 small-12 large-6\"  >\n\t\t<div class=\"col-inner\"  >\n\t\t\t\n\t\t\t\n\n<h3><span style=\"font-size: 120%; color: #282828;\">Fu\u00df Forum<\/span><\/h3>\n<p><span style=\"font-size: 120%; color: #282828;\">Unsere F\u00fc\u00dfe tragen uns geduldig und ganz selbstverst\u00e4ndlich durchs Leben.<\/span><\/p>\n<p><span style=\"font-size: 120%; color: #282828;\">Sie halten Alltagsbelastungen Stand und m\u00fcssen Gegebenheiten wie schlechtem Schuhwerk oder unzureichender Bel\u00fcftung trotzen. Deshalb ist es an der Zeit, etwas zur\u00fcckzugeben.<\/span><\/p>\n\n\t\t<\/div>\n\t\t\t<\/div>\n\n\t\n\n<\/div>\n\n\t\t<\/div>\n\n\t\t\n<style>\n#section_836945882 {\n  padding-top: 30px;\n  padding-bottom: 30px;\n}\n<\/style>\n\t<\/section>\n\t\n\n","protected":false},"excerpt":{"rendered":"","protected":false},"author":1,"featured_media":0,"parent":0,"menu_order":0,"comment_status":"closed","ping_status":"closed","template":"page-blank.php","meta":{"footnotes":""},"class_list":["post-15","page","type-page","status-publish","hentry"],"yoast_head":"<!-- This site is optimized with the Yoast SEO plugin v25.7 - https:\/\/yoast.com\/wordpress\/plugins\/seo\/ -->\n<title>Startseite - haarforumbavendorf<\/title>\n<meta name=\"description\" content=\"[section bg=&quot;60&quot; bg_color=&quot;#9b9b9b&quot; bg_overlay=&quot;rgba(0,0,0,.5)&quot; padding=&quot;250px&quot;] Wir freuen uns, Sie wieder wie gewohnt begr\u00fc\u00dfen zu d\u00fcrfen! [\/section] [section] Herzlich Willkommen im Haarforum im Herzen Bavendorfs Nehmen Sie sich eine Pause vom&hellip;\" \/>\n<meta name=\"robots\" content=\"index, follow, max-snippet:-1, max-image-preview:large, max-video-preview:-1\" \/>\n<link rel=\"canonical\" href=\"https:\/\/haarforum-petretti.de\/\" \/>\n<meta property=\"og:locale\" content=\"de_DE\" \/>\n<meta property=\"og:type\" content=\"article\" \/>\n<meta property=\"og:title\" content=\"Startseite - haarforumbavendorf\" \/>\n<meta property=\"og:url\" content=\"https:\/\/haarforum-petretti.de\/\" \/>\n<meta property=\"og:site_name\" content=\"haarforumbavendorf\" \/>\n<meta property=\"article:modified_time\" content=\"2024-01-09T10:17:54+00:00\" \/>\n<meta name=\"twitter:card\" content=\"summary_large_image\" \/>\n<meta name=\"twitter:label1\" content=\"Gesch\u00e4tzte Lesezeit\" \/>\n\t<meta name=\"twitter:data1\" content=\"2\u00a0Minuten\" \/>\n<script type=\"application\/ld+json\" class=\"yoast-schema-graph\">{\"@context\":\"https:\/\/schema.org\",\"@graph\":[{\"@type\":\"WebPage\",\"@id\":\"https:\/\/haarforum-petretti.de\/\",\"url\":\"https:\/\/haarforum-petretti.de\/\",\"name\":\"Startseite - haarforumbavendorf\",\"isPartOf\":{\"@id\":\"https:\/\/haarforum-petretti.de\/#website\"},\"datePublished\":\"2019-11-17T15:42:19+00:00\",\"dateModified\":\"2024-01-09T10:17:54+00:00\",\"breadcrumb\":{\"@id\":\"https:\/\/haarforum-petretti.de\/#breadcrumb\"},\"inLanguage\":\"de\",\"potentialAction\":[{\"@type\":\"ReadAction\",\"target\":[\"https:\/\/haarforum-petretti.de\/\"]}]},{\"@type\":\"BreadcrumbList\",\"@id\":\"https:\/\/haarforum-petretti.de\/#breadcrumb\",\"itemListElement\":[{\"@type\":\"ListItem\",\"position\":1,\"name\":\"Home\",\"item\":\"https:\/\/haarforum-petretti.de\/\"},{\"@type\":\"ListItem\",\"position\":2,\"name\":\"Startseite\"}]},{\"@type\":\"WebSite\",\"@id\":\"https:\/\/haarforum-petretti.de\/#website\",\"url\":\"https:\/\/haarforum-petretti.de\/\",\"name\":\"haarforumbavendorf\",\"description\":\"Just another WordPress site\",\"potentialAction\":[{\"@type\":\"SearchAction\",\"target\":{\"@type\":\"EntryPoint\",\"urlTemplate\":\"https:\/\/haarforum-petretti.de\/?s={search_term_string}\"},\"query-input\":{\"@type\":\"PropertyValueSpecification\",\"valueRequired\":true,\"valueName\":\"search_term_string\"}}],\"inLanguage\":\"de\"}]}<\/script>\n<!-- \/ Yoast SEO plugin. -->","yoast_head_json":{"title":"Startseite - haarforumbavendorf","description":"[section bg=\"60\" bg_color=\"#9b9b9b\" bg_overlay=\"rgba(0,0,0,.5)\" padding=\"250px\"] Wir freuen uns, Sie wieder wie gewohnt begr\u00fc\u00dfen zu d\u00fcrfen! [\/section] [section] Herzlich Willkommen im Haarforum im Herzen Bavendorfs Nehmen Sie sich eine Pause vom&hellip;","robots":{"index":"index","follow":"follow","max-snippet":"max-snippet:-1","max-image-preview":"max-image-preview:large","max-video-preview":"max-video-preview:-1"},"canonical":"https:\/\/haarforum-petretti.de\/","og_locale":"de_DE","og_type":"article","og_title":"Startseite - haarforumbavendorf","og_url":"https:\/\/haarforum-petretti.de\/","og_site_name":"haarforumbavendorf","article_modified_time":"2024-01-09T10:17:54+00:00","twitter_card":"summary_large_image","twitter_misc":{"Gesch\u00e4tzte Lesezeit":"2\u00a0Minuten"},"schema":{"@context":"https:\/\/schema.org","@graph":[{"@type":"WebPage","@id":"https:\/\/haarforum-petretti.de\/","url":"https:\/\/haarforum-petretti.de\/","name":"Startseite - haarforumbavendorf","isPartOf":{"@id":"https:\/\/haarforum-petretti.de\/#website"},"datePublished":"2019-11-17T15:42:19+00:00","dateModified":"2024-01-09T10:17:54+00:00","breadcrumb":{"@id":"https:\/\/haarforum-petretti.de\/#breadcrumb"},"inLanguage":"de","potentialAction":[{"@type":"ReadAction","target":["https:\/\/haarforum-petretti.de\/"]}]},{"@type":"BreadcrumbList","@id":"https:\/\/haarforum-petretti.de\/#breadcrumb","itemListElement":[{"@type":"ListItem","position":1,"name":"Home","item":"https:\/\/haarforum-petretti.de\/"},{"@type":"ListItem","position":2,"name":"Startseite"}]},{"@type":"WebSite","@id":"https:\/\/haarforum-petretti.de\/#website","url":"https:\/\/haarforum-petretti.de\/","name":"haarforumbavendorf","description":"Just another WordPress site","potentialAction":[{"@type":"SearchAction","target":{"@type":"EntryPoint","urlTemplate":"https:\/\/haarforum-petretti.de\/?s={search_term_string}"},"query-input":{"@type":"PropertyValueSpecification","valueRequired":true,"valueName":"search_term_string"}}],"inLanguage":"de"}]}},"_links":{"self":[{"href":"https:\/\/haarforum-petretti.de\/index.php?rest_route=\/wp\/v2\/pages\/15","targetHints":{"allow":["GET"]}}],"collection":[{"href":"https:\/\/haarforum-petretti.de\/index.php?rest_route=\/wp\/v2\/pages"}],"about":[{"href":"https:\/\/haarforum-petretti.de\/index.php?rest_route=\/wp\/v2\/types\/page"}],"author":[{"embeddable":true,"href":"https:\/\/haarforum-petretti.de\/index.php?rest_route=\/wp\/v2\/users\/1"}],"replies":[{"embeddable":true,"href":"https:\/\/haarforum-petretti.de\/index.php?rest_route=%2Fwp%2Fv2%2Fcomments&post=15"}],"version-history":[{"count":63,"href":"https:\/\/haarforum-petretti.de\/index.php?rest_route=\/wp\/v2\/pages\/15\/revisions"}],"predecessor-version":[{"id":299,"href":"https:\/\/haarforum-petretti.de\/index.php?rest_route=\/wp\/v2\/pages\/15\/revisions\/299"}],"wp:attachment":[{"href":"https:\/\/haarforum-petretti.de\/index.php?rest_route=%2Fwp%2Fv2%2Fmedia&parent=15"}],"curies":[{"name":"wp","href":"https:\/\/api.w.org\/{rel}","templated":true}]}}