{"id":137,"date":"2020-01-13T10:55:18","date_gmt":"2020-01-13T10:55:18","guid":{"rendered":"http:\/\/haarforum-bavendorf.de\/?page_id=137"},"modified":"2020-03-22T15:44:11","modified_gmt":"2020-03-22T15:44:11","slug":"fussforum","status":"publish","type":"page","link":"https:\/\/haarforum-petretti.de\/?page_id=137","title":{"rendered":"Fu\u00dfforum"},"content":{"rendered":"\n\t<section class=\"section\" id=\"section_1633767669\">\n\t\t<div class=\"bg section-bg fill bg-fill  bg-loaded\" >\n\n\t\t\t\n\t\t\t\n\t\t\t\n\n\t\t<\/div>\n\n\t\t<div class=\"section-content relative\">\n\t\t\t\n\n\n  <div class=\"banner has-hover has-parallax\" id=\"banner-1772542794\">\n          <div class=\"banner-inner fill\">\n        <div class=\"banner-bg fill\" data-parallax=\"-10\" data-parallax-container=\".banner\" data-parallax-background>\n            <div class=\"bg fill bg-fill \"><\/div>\n                        <div class=\"overlay\"><\/div>            \n                    <\/div>\n        <div class=\"banner-layers container\">\n            <div class=\"fill banner-link\"><\/div>            \n\n   <div id=\"text-box-758131807\" class=\"text-box banner-layer x10 md-x10 lg-x10 y50 md-y50 lg-y50 res-text\">\n                                <div class=\"text-box-content text dark\">\n              \n              <div class=\"text-inner text-center\">\n                  \n\n<h3 class=\"uppercase\" style=\"text-align: left;\">\u00a0<\/h3>\n<h3 style=\"text-align: left;\"><strong><span style=\"font-size: 100%;\">Bei uns sind ihre F\u00fc\u00dfe in guten H\u00e4nden<\/span><\/strong><\/h3>\n<p style=\"text-align: left;\">Unsere F\u00fc\u00dfe tragen uns geduldig und ganz selbstverst\u00e4ndlich durchs Leben.<\/p>\n\n              <\/div>\n           <\/div>\n                            \n<style>\n#text-box-758131807 {\n  width: 60%;\n}\n#text-box-758131807 .text-box-content {\n  font-size: 100%;\n}\n<\/style>\n    <\/div>\n \n\n        <\/div>\n      <\/div>\n\n            \n<style>\n#banner-1772542794 {\n  padding-top: 500px;\n}\n#banner-1772542794 .bg.bg-loaded {\n  background-image: url(https:\/\/haarforum-petretti.de\/wp-content\/uploads\/2019\/12\/Haar-Forum-Bavendorf-Friseur-12-1024x683.jpg);\n}\n#banner-1772542794 .overlay {\n  background-color: rgba(0,0,0,.5);\n}\n<\/style>\n  <\/div>\n\n\n\t<div id=\"gap-1460095695\" class=\"gap-element clearfix\" style=\"display:block; height:auto;\">\n\t\t\n<style>\n#gap-1460095695 {\n  padding-top: 60px;\n}\n<\/style>\n\t<\/div>\n\t\n\n<h5 style=\"text-align: center;\"><span style=\"font-size: 150%;\">Unsere F\u00fc\u00dfe tragen uns geduldig und ganz selbstverst\u00e4ndlich durchs Leben.<\/span><\/h5>\n<h2 style=\"text-align: center;\"><span style=\"font-size: 80%;\">Gepflegte F\u00fc\u00dfe sind nicht nur ein sch\u00f6ner Anblick, sie tragen auch ma\u00dfgeblich zu unsere Gesundheit und unserem Wohlgef\u00fchl bei. Unsere professionelle Pedik\u00fcre ist in Kombination mit einer Fu\u00dfmassage eine Wohltat f\u00fcr den Ganzen K\u00f6rper.<\/span><\/h2>\n\n\t\t<\/div>\n\n\t\t\n<style>\n#section_1633767669 {\n  padding-top: 30px;\n  padding-bottom: 30px;\n}\n<\/style>\n\t<\/section>\n\t\n\t<div id=\"gap-860669642\" class=\"gap-element clearfix\" style=\"display:block; height:auto;\">\n\t\t\n<style>\n#gap-860669642 {\n  padding-top: 30px;\n}\n<\/style>\n\t<\/div>\n\t\n\n<div class=\"container section-title-container\" ><h3 class=\"section-title section-title-center\"><b><\/b><span class=\"section-title-main\" >Unser Angebot<\/span><b><\/b><\/h3><\/div>\n\n<div class=\"row\"  id=\"row-36673984\">\n\n\n\t<div id=\"col-1324844022\" class=\"col medium-6 small-12 large-6\"  >\n\t\t<div class=\"col-inner\"  >\n\t\t\t\n\t\t\t\n\n\t<div class=\"img has-hover x md-x lg-x y md-y lg-y\" id=\"image_1817878595\">\n\t\t\t\t\t\t\t\t<div class=\"img-inner dark\" >\n\t\t\t<img loading=\"lazy\" decoding=\"async\" width=\"1020\" height=\"680\" src=\"https:\/\/haarforum-petretti.de\/wp-content\/uploads\/2020\/03\/foot-2488529_1920-1024x683.jpg\" class=\"attachment-large size-large\" alt=\"\" srcset=\"https:\/\/haarforum-petretti.de\/wp-content\/uploads\/2020\/03\/foot-2488529_1920-1024x683.jpg 1024w, https:\/\/haarforum-petretti.de\/wp-content\/uploads\/2020\/03\/foot-2488529_1920-300x200.jpg 300w, https:\/\/haarforum-petretti.de\/wp-content\/uploads\/2020\/03\/foot-2488529_1920-768x512.jpg 768w, https:\/\/haarforum-petretti.de\/wp-content\/uploads\/2020\/03\/foot-2488529_1920-1536x1024.jpg 1536w, https:\/\/haarforum-petretti.de\/wp-content\/uploads\/2020\/03\/foot-2488529_1920.jpg 1920w\" sizes=\"auto, (max-width: 1020px) 100vw, 1020px\" \/>\t\t\t\t\t\t\n\t\t\t\t\t<\/div>\n\t\t\t\t\t\t\t\t\n<style>\n#image_1817878595 {\n  width: 100%;\n}\n<\/style>\n\t<\/div>\n\t\n\n\n\t\t<\/div>\n\t\t\t<\/div>\n\n\t\n\n\t<div id=\"col-2079124893\" class=\"col medium-6 small-12 large-6\"  >\n\t\t<div class=\"col-inner text-left\"  >\n\t\t\t\n\t\t\t\n\n<div class=\"accordion\" rel=\"\">\n\n<div class=\"accordion-item\"><a href=\"#\" class=\"accordion-title plain\"><button class=\"toggle\"><i class=\"icon-angle-down\"><\/i><\/button><span>Medizinische Fu\u00dfpflege<\/span><\/a><div class=\"accordion-inner\">\n\n<ul>\n<li><span style=\"font-size: 105%;\">Schneiden und Feilen der N\u00e4gel<\/span><\/li>\n<li><span style=\"font-size: 105%;\">Anamnese<\/span><\/li>\n<li><span style=\"font-size: 105%;\">Nagelkorrektur<\/span><\/li>\n<li><span style=\"font-size: 105%;\">Hornhautnehandlung<\/span><\/li>\n<li><span style=\"font-size: 105%;\">Warzenbehandlung<\/span><\/li>\n<li><span style=\"font-size: 105%;\">Schonende Entfernung der Nagelhaut<\/span><\/li>\n<li><span style=\"font-size: 105%;\">H\u00fchneraugen<\/span><\/li>\n<\/ul>\n\n<\/div><\/div>\n\n<\/div>\n\n\t\t<\/div>\n\t\t\t<\/div>\n\n\t\n\n<\/div>\n\t<section class=\"section\" id=\"section_1941426465\">\n\t\t<div class=\"bg section-bg fill bg-fill  bg-loaded\" >\n\n\t\t\t\n\t\t\t\n\t\t\t\n\n\t\t<\/div>\n\n\t\t<div class=\"section-content relative\">\n\t\t\t\n\n<div class=\"row\"  id=\"row-260377955\">\n\n\n\t<div id=\"col-1354431195\" class=\"col medium-6 small-12 large-6\"  >\n\t\t<div class=\"col-inner\"  >\n\t\t\t\n\t\t\t\n\n<div class=\"accordion\" rel=\"\">\n\n<div class=\"accordion-item\"><a href=\"#\" class=\"accordion-title plain\"><button class=\"toggle\"><i class=\"icon-angle-down\"><\/i><\/button><span>Klassische Fu\u00dfmassage<\/span><\/a><div class=\"accordion-inner\">\n\n<p><span style=\"font-size: 105%;\">Die klassische Fu\u00dfmassage wirkt aktivierend auf den gesamten Organismus und bringt m\u00fcde F\u00fc\u00dfe wieder in Schwung. Mit einem Natur\u00f6l wird gleichzeitig ihre Haut gepflegt.<\/span><\/p>\n\n<\/div><\/div>\n<div class=\"accordion-item\"><a href=\"#\" class=\"accordion-title plain\"><button class=\"toggle\"><i class=\"icon-angle-down\"><\/i><\/button><span>Energetische Massage<\/span><\/a><div class=\"accordion-inner\">\n\n<p><span style=\"font-size: 105%;\">Die energetische Massage ist eine sanfte Massagetechnik unter Ber\u00fccksichtigung der Reflexzonen der F\u00fc\u00dfe. Die Selbstheilungskr\u00e4fte werden aktiviert und die physiologischen Abl\u00e4ufe im K\u00f6rper werden harmonisiert.<\/span><\/p>\n\n<\/div><\/div>\n<div class=\"accordion-item\"><a href=\"#\" class=\"accordion-title plain\"><button class=\"toggle\"><i class=\"icon-angle-down\"><\/i><\/button><span>Reflexzonenmassage<\/span><\/a><div class=\"accordion-inner\">\n\n<p><span style=\"font-size: 105%;\">Jedes Organ im K\u00f6rper ist mit einer Reflexzone am Fu\u00df verbunden. \u00a0Mit einer speziellen Grifftechnik werden die verschiedenen Teile des K\u00f6rpers erreicht, stimuliert und aktiviert.<\/span><\/p>\n\n<\/div><\/div>\n\n<\/div>\n\n\t\t<\/div>\n\t\t\t<\/div>\n\n\t\n\n\t<div id=\"col-87166792\" class=\"col medium-6 small-12 large-6\"  >\n\t\t<div class=\"col-inner\"  >\n\t\t\t\n\t\t\t\n\n\t<div class=\"img has-hover x md-x lg-x y md-y lg-y\" id=\"image_1311039821\">\n\t\t\t\t\t\t\t\t<div class=\"img-inner dark\" >\n\t\t\t<img loading=\"lazy\" decoding=\"async\" width=\"1020\" height=\"680\" src=\"https:\/\/haarforum-petretti.de\/wp-content\/uploads\/2020\/03\/Haar-Forum-Bavendorf-Friseur-12-1024x683.jpg\" class=\"attachment-large size-large\" alt=\"\" srcset=\"https:\/\/haarforum-petretti.de\/wp-content\/uploads\/2020\/03\/Haar-Forum-Bavendorf-Friseur-12-1024x683.jpg 1024w, https:\/\/haarforum-petretti.de\/wp-content\/uploads\/2020\/03\/Haar-Forum-Bavendorf-Friseur-12-300x200.jpg 300w, https:\/\/haarforum-petretti.de\/wp-content\/uploads\/2020\/03\/Haar-Forum-Bavendorf-Friseur-12-768x512.jpg 768w, https:\/\/haarforum-petretti.de\/wp-content\/uploads\/2020\/03\/Haar-Forum-Bavendorf-Friseur-12-1536x1024.jpg 1536w, https:\/\/haarforum-petretti.de\/wp-content\/uploads\/2020\/03\/Haar-Forum-Bavendorf-Friseur-12-2048x1365.jpg 2048w\" sizes=\"auto, (max-width: 1020px) 100vw, 1020px\" \/>\t\t\t\t\t\t\n\t\t\t\t\t<\/div>\n\t\t\t\t\t\t\t\t\n<style>\n#image_1311039821 {\n  width: 100%;\n}\n<\/style>\n\t<\/div>\n\t\n\n\n\t\t<\/div>\n\t\t\t<\/div>\n\n\t\n\n<\/div>\n\n\t\t<\/div>\n\n\t\t\n<style>\n#section_1941426465 {\n  padding-top: 30px;\n  padding-bottom: 30px;\n}\n<\/style>\n\t<\/section>\n\t\n\n","protected":false},"excerpt":{"rendered":"","protected":false},"author":1,"featured_media":0,"parent":0,"menu_order":0,"comment_status":"closed","ping_status":"closed","template":"page-blank.php","meta":{"footnotes":""},"class_list":["post-137","page","type-page","status-publish","hentry"],"yoast_head":"<!-- This site is optimized with the Yoast SEO plugin v25.7 - https:\/\/yoast.com\/wordpress\/plugins\/seo\/ -->\n<title>Fu\u00dfforum - haarforumbavendorf<\/title>\n<meta name=\"description\" content=\"[section] [ux_banner height=&quot;500px&quot; bg=&quot;70&quot; bg_overlay=&quot;rgba(0,0,0,.5)&quot; parallax=&quot;10&quot;] [text_box position_x=&quot;10&quot; position_y=&quot;50&quot;] \u00a0 Bei uns sind ihre F\u00fc\u00dfe in guten H\u00e4nden Unsere F\u00fc\u00dfe tragen uns geduldig und ganz selbstverst\u00e4ndlich durchs Leben. [\/text_box] [\/ux_banner]&hellip;\" \/>\n<meta name=\"robots\" content=\"index, follow, max-snippet:-1, max-image-preview:large, max-video-preview:-1\" \/>\n<link rel=\"canonical\" href=\"https:\/\/haarforum-petretti.de\/?page_id=137\" \/>\n<meta property=\"og:locale\" content=\"de_DE\" \/>\n<meta property=\"og:type\" content=\"article\" \/>\n<meta property=\"og:title\" content=\"Fu\u00dfforum - haarforumbavendorf\" \/>\n<meta property=\"og:url\" content=\"https:\/\/haarforum-petretti.de\/?page_id=137\" \/>\n<meta property=\"og:site_name\" content=\"haarforumbavendorf\" \/>\n<meta property=\"article:modified_time\" content=\"2020-03-22T15:44:11+00:00\" \/>\n<meta name=\"twitter:card\" content=\"summary_large_image\" \/>\n<meta name=\"twitter:label1\" content=\"Gesch\u00e4tzte Lesezeit\" \/>\n\t<meta name=\"twitter:data1\" content=\"1\u00a0Minute\" \/>\n<script type=\"application\/ld+json\" class=\"yoast-schema-graph\">{\"@context\":\"https:\/\/schema.org\",\"@graph\":[{\"@type\":\"WebPage\",\"@id\":\"https:\/\/haarforum-petretti.de\/?page_id=137\",\"url\":\"https:\/\/haarforum-petretti.de\/?page_id=137\",\"name\":\"Fu\u00dfforum - haarforumbavendorf\",\"isPartOf\":{\"@id\":\"https:\/\/haarforum-petretti.de\/#website\"},\"datePublished\":\"2020-01-13T10:55:18+00:00\",\"dateModified\":\"2020-03-22T15:44:11+00:00\",\"breadcrumb\":{\"@id\":\"https:\/\/haarforum-petretti.de\/?page_id=137#breadcrumb\"},\"inLanguage\":\"de\",\"potentialAction\":[{\"@type\":\"ReadAction\",\"target\":[\"https:\/\/haarforum-petretti.de\/?page_id=137\"]}]},{\"@type\":\"BreadcrumbList\",\"@id\":\"https:\/\/haarforum-petretti.de\/?page_id=137#breadcrumb\",\"itemListElement\":[{\"@type\":\"ListItem\",\"position\":1,\"name\":\"Home\",\"item\":\"https:\/\/haarforum-petretti.de\/\"},{\"@type\":\"ListItem\",\"position\":2,\"name\":\"Fu\u00dfforum\"}]},{\"@type\":\"WebSite\",\"@id\":\"https:\/\/haarforum-petretti.de\/#website\",\"url\":\"https:\/\/haarforum-petretti.de\/\",\"name\":\"haarforumbavendorf\",\"description\":\"Just another WordPress site\",\"potentialAction\":[{\"@type\":\"SearchAction\",\"target\":{\"@type\":\"EntryPoint\",\"urlTemplate\":\"https:\/\/haarforum-petretti.de\/?s={search_term_string}\"},\"query-input\":{\"@type\":\"PropertyValueSpecification\",\"valueRequired\":true,\"valueName\":\"search_term_string\"}}],\"inLanguage\":\"de\"}]}<\/script>\n<!-- \/ Yoast SEO plugin. -->","yoast_head_json":{"title":"Fu\u00dfforum - haarforumbavendorf","description":"[section] [ux_banner height=\"500px\" bg=\"70\" bg_overlay=\"rgba(0,0,0,.5)\" parallax=\"10\"] [text_box position_x=\"10\" position_y=\"50\"] \u00a0 Bei uns sind ihre F\u00fc\u00dfe in guten H\u00e4nden Unsere F\u00fc\u00dfe tragen uns geduldig und ganz selbstverst\u00e4ndlich durchs Leben. [\/text_box] [\/ux_banner]&hellip;","robots":{"index":"index","follow":"follow","max-snippet":"max-snippet:-1","max-image-preview":"max-image-preview:large","max-video-preview":"max-video-preview:-1"},"canonical":"https:\/\/haarforum-petretti.de\/?page_id=137","og_locale":"de_DE","og_type":"article","og_title":"Fu\u00dfforum - haarforumbavendorf","og_url":"https:\/\/haarforum-petretti.de\/?page_id=137","og_site_name":"haarforumbavendorf","article_modified_time":"2020-03-22T15:44:11+00:00","twitter_card":"summary_large_image","twitter_misc":{"Gesch\u00e4tzte Lesezeit":"1\u00a0Minute"},"schema":{"@context":"https:\/\/schema.org","@graph":[{"@type":"WebPage","@id":"https:\/\/haarforum-petretti.de\/?page_id=137","url":"https:\/\/haarforum-petretti.de\/?page_id=137","name":"Fu\u00dfforum - haarforumbavendorf","isPartOf":{"@id":"https:\/\/haarforum-petretti.de\/#website"},"datePublished":"2020-01-13T10:55:18+00:00","dateModified":"2020-03-22T15:44:11+00:00","breadcrumb":{"@id":"https:\/\/haarforum-petretti.de\/?page_id=137#breadcrumb"},"inLanguage":"de","potentialAction":[{"@type":"ReadAction","target":["https:\/\/haarforum-petretti.de\/?page_id=137"]}]},{"@type":"BreadcrumbList","@id":"https:\/\/haarforum-petretti.de\/?page_id=137#breadcrumb","itemListElement":[{"@type":"ListItem","position":1,"name":"Home","item":"https:\/\/haarforum-petretti.de\/"},{"@type":"ListItem","position":2,"name":"Fu\u00dfforum"}]},{"@type":"WebSite","@id":"https:\/\/haarforum-petretti.de\/#website","url":"https:\/\/haarforum-petretti.de\/","name":"haarforumbavendorf","description":"Just another WordPress site","potentialAction":[{"@type":"SearchAction","target":{"@type":"EntryPoint","urlTemplate":"https:\/\/haarforum-petretti.de\/?s={search_term_string}"},"query-input":{"@type":"PropertyValueSpecification","valueRequired":true,"valueName":"search_term_string"}}],"inLanguage":"de"}]}},"_links":{"self":[{"href":"https:\/\/haarforum-petretti.de\/index.php?rest_route=\/wp\/v2\/pages\/137","targetHints":{"allow":["GET"]}}],"collection":[{"href":"https:\/\/haarforum-petretti.de\/index.php?rest_route=\/wp\/v2\/pages"}],"about":[{"href":"https:\/\/haarforum-petretti.de\/index.php?rest_route=\/wp\/v2\/types\/page"}],"author":[{"embeddable":true,"href":"https:\/\/haarforum-petretti.de\/index.php?rest_route=\/wp\/v2\/users\/1"}],"replies":[{"embeddable":true,"href":"https:\/\/haarforum-petretti.de\/index.php?rest_route=%2Fwp%2Fv2%2Fcomments&post=137"}],"version-history":[{"count":21,"href":"https:\/\/haarforum-petretti.de\/index.php?rest_route=\/wp\/v2\/pages\/137\/revisions"}],"predecessor-version":[{"id":212,"href":"https:\/\/haarforum-petretti.de\/index.php?rest_route=\/wp\/v2\/pages\/137\/revisions\/212"}],"wp:attachment":[{"href":"https:\/\/haarforum-petretti.de\/index.php?rest_route=%2Fwp%2Fv2%2Fmedia&parent=137"}],"curies":[{"name":"wp","href":"https:\/\/api.w.org\/{rel}","templated":true}]}}